{"id":42,"date":"2012-02-21T11:27:52","date_gmt":"2012-02-21T10:27:52","guid":{"rendered":"http:\/\/tale-of-tales.com\/bientotlete\/blog\/?page_id=42"},"modified":"2012-02-28T11:03:07","modified_gmt":"2012-02-28T10:03:07","slug":"about","status":"publish","type":"page","link":"https:\/\/tale-of-tales.com\/bientotlete\/blog\/about\/","title":{"rendered":"About"},"content":{"rendered":"<p>This is an experimental blog where I post daily about the production of <a href=\"http:\/\/tale-of-tales.com\/bientotlete\"><em>Bient\u00f4t l&#8217;\u00e9t\u00e9<\/em><\/a>, a new <a title=\"Tale of Tales\" href=\"http:\/\/Tale-of-Tales.com\">Tale of Tales<\/a>, set to be released in the fall. Many things mentioned here may not make it into the final game. And perhaps some may spoil your enjoyment of it. Though I hope in general the opposite will be the case.<\/p>\n<p><a href=\"http:\/\/tale-of-tales.com\/bientotlete\/blog\/an-experiment\/\">Here&#8217;s a description of the purpose of this blog<\/a>.<\/p>\n<p><a href=\"http:\/\/tale-of-tales.com\/bientotlete\/blog\/silence-love-a-beach-in-space\/\">Here&#8217;s a description of the basic concept of Bient\u00f4t l&#8217;\u00e9t\u00e9<\/a>.<\/p>\n<p><a href=\"http:\/\/bientotlete.tumblr.com\">Here&#8217;s a Tumblr log with reference material<\/a>.<\/p>\n<p>I am Micha\u00ebl Samyn. Together with Auriea Harvey I form <a href=\"http:\/\/Tale-of-Tales.com\">Tale of Tales<\/a>. As Tale of Tales, we have developed <em>The Endless Forest<\/em>, <em>The Graveyard<\/em>, <em>The Path<\/em>, <em>Fatale<\/em> and <em>Vanitas<\/em>. While she is concentrating on our new big game <em>8<\/em>, I&#8217;m focusing on this smaller project <em>Bient\u00f4t l&#8217;\u00e9t\u00e9<\/em>.<\/p>\n","protected":false},"excerpt":{"rendered":"<p>This is an experimental blog where I post daily about the production of Bient\u00f4t l&#8217;\u00e9t\u00e9, a new Tale of Tales, set to be released in the fall. Many things mentioned here may not make it into the final game. And perhaps some may spoil your enjoyment of it. Though I hope in general the opposite [&hellip;]<\/p>\n","protected":false},"author":2,"featured_media":0,"parent":0,"menu_order":0,"comment_status":"closed","ping_status":"closed","template":"","meta":{"footnotes":""},"class_list":["post-42","page","type-page","status-publish","hentry"],"_links":{"self":[{"href":"https:\/\/tale-of-tales.com\/bientotlete\/blog\/wp-json\/wp\/v2\/pages\/42","targetHints":{"allow":["GET"]}}],"collection":[{"href":"https:\/\/tale-of-tales.com\/bientotlete\/blog\/wp-json\/wp\/v2\/pages"}],"about":[{"href":"https:\/\/tale-of-tales.com\/bientotlete\/blog\/wp-json\/wp\/v2\/types\/page"}],"author":[{"embeddable":true,"href":"https:\/\/tale-of-tales.com\/bientotlete\/blog\/wp-json\/wp\/v2\/users\/2"}],"replies":[{"embeddable":true,"href":"https:\/\/tale-of-tales.com\/bientotlete\/blog\/wp-json\/wp\/v2\/comments?post=42"}],"version-history":[{"count":13,"href":"https:\/\/tale-of-tales.com\/bientotlete\/blog\/wp-json\/wp\/v2\/pages\/42\/revisions"}],"predecessor-version":[{"id":149,"href":"https:\/\/tale-of-tales.com\/bientotlete\/blog\/wp-json\/wp\/v2\/pages\/42\/revisions\/149"}],"wp:attachment":[{"href":"https:\/\/tale-of-tales.com\/bientotlete\/blog\/wp-json\/wp\/v2\/media?parent=42"}],"curies":[{"name":"wp","href":"https:\/\/api.w.org\/{rel}","templated":true}]}}