{"id":1536,"date":"2012-06-23T23:26:18","date_gmt":"2012-06-23T21:26:18","guid":{"rendered":"http:\/\/tale-of-tales.com\/bientotlete\/blog\/?page_id=1536"},"modified":"2012-06-23T23:26:18","modified_gmt":"2012-06-23T21:26:18","slug":"play","status":"publish","type":"page","link":"https:\/\/tale-of-tales.com\/bientotlete\/blog\/play\/","title":{"rendered":"Play"},"content":{"rendered":"<p><em>Bient\u00f4t l&#8217;\u00e9t\u00e9<\/em> can be pre-ordered <a href=\"http:\/\/tale-of-tales.com\/bientotlete\">here<\/a>.<\/p>\n","protected":false},"excerpt":{"rendered":"<p>Bient\u00f4t l&#8217;\u00e9t\u00e9 can be pre-ordered here.<\/p>\n","protected":false},"author":2,"featured_media":0,"parent":0,"menu_order":0,"comment_status":"closed","ping_status":"closed","template":"","meta":{"footnotes":""},"class_list":["post-1536","page","type-page","status-publish","hentry"],"_links":{"self":[{"href":"https:\/\/tale-of-tales.com\/bientotlete\/blog\/wp-json\/wp\/v2\/pages\/1536","targetHints":{"allow":["GET"]}}],"collection":[{"href":"https:\/\/tale-of-tales.com\/bientotlete\/blog\/wp-json\/wp\/v2\/pages"}],"about":[{"href":"https:\/\/tale-of-tales.com\/bientotlete\/blog\/wp-json\/wp\/v2\/types\/page"}],"author":[{"embeddable":true,"href":"https:\/\/tale-of-tales.com\/bientotlete\/blog\/wp-json\/wp\/v2\/users\/2"}],"replies":[{"embeddable":true,"href":"https:\/\/tale-of-tales.com\/bientotlete\/blog\/wp-json\/wp\/v2\/comments?post=1536"}],"version-history":[{"count":1,"href":"https:\/\/tale-of-tales.com\/bientotlete\/blog\/wp-json\/wp\/v2\/pages\/1536\/revisions"}],"predecessor-version":[{"id":1537,"href":"https:\/\/tale-of-tales.com\/bientotlete\/blog\/wp-json\/wp\/v2\/pages\/1536\/revisions\/1537"}],"wp:attachment":[{"href":"https:\/\/tale-of-tales.com\/bientotlete\/blog\/wp-json\/wp\/v2\/media?parent=1536"}],"curies":[{"name":"wp","href":"https:\/\/api.w.org\/{rel}","templated":true}]}}